{"id":17,"date":"2024-10-02T10:06:11","date_gmt":"2024-10-02T08:06:11","guid":{"rendered":"https:\/\/gotthard.itag.cz\/?page_id=17"},"modified":"2024-10-06T10:33:54","modified_gmt":"2024-10-06T08:33:54","slug":"start","status":"publish","type":"page","link":"https:\/\/www.gotthardgroup.cz\/","title":{"rendered":"Start"},"content":{"rendered":"<p>[et_pb_section fb_built=&#8220;1&#8243; custom_padding_last_edited=&#8220;on|phone&#8220; admin_label=&#8220;Offer&#8220; _builder_version=&#8220;4.27.2&#8243; background_color=&#8220;rgba(47,77,168,0.73)&#8220; background_image=&#8220;https:\/\/gotthardgroup.cz\/wp-content\/uploads\/2024\/10\/gotthard_hero_01.jpg&#8220; background_blend=&#8220;overlay&#8220; module_alignment=&#8220;center&#8220; height=&#8220;100vh&#8220; height_tablet=&#8220;100vh&#8220; height_phone=&#8220;&#8220; height_last_edited=&#8220;on|phone&#8220; custom_padding=&#8220;120px||||false|false&#8220; custom_padding_tablet=&#8220;80px||80px|&#8220; custom_padding_phone=&#8220;30px||0px||false|false&#8220; global_colors_info=&#8220;{}&#8220;][et_pb_row _builder_version=&#8220;4.16&#8243; custom_margin=&#8220;|||&#8220; global_colors_info=&#8220;{}&#8220;][et_pb_column type=&#8220;4_4&#8243; _builder_version=&#8220;4.16&#8243; custom_padding=&#8220;|||&#8220; global_colors_info=&#8220;{}&#8220; custom_padding__hover=&#8220;|||&#8220;][et_pb_image src=&#8220;https:\/\/gotthardgroup.cz\/wp-content\/uploads\/2024\/10\/gotthard_bile.png&#8220; title_text=&#8220;gotthard_bile&#8220; align=&#8220;center&#8220; _builder_version=&#8220;4.27.2&#8243; _module_preset=&#8220;default&#8220; width=&#8220;50%&#8220; width_tablet=&#8220;50%&#8220; width_phone=&#8220;100%&#8220; width_last_edited=&#8220;on|phone&#8220; animation_style=&#8220;zoom&#8220; animation_duration=&#8220;1500ms&#8220; hover_enabled=&#8220;0&#8243; global_colors_info=&#8220;{}&#8220; transform_styles__hover_enabled=&#8220;on|hover&#8220; transform_scale__hover_enabled=&#8220;on|hover&#8220; transform_translate__hover_enabled=&#8220;on|desktop&#8220; transform_rotate__hover_enabled=&#8220;on|desktop&#8220; transform_skew__hover_enabled=&#8220;on|desktop&#8220; transform_origin__hover_enabled=&#8220;on|desktop&#8220; transform_scale__hover=&#8220;105%|105%&#8220; custom_padding_last_edited=&#8220;on|phone&#8220; custom_padding=&#8220;||110px||false|false&#8220; sticky_enabled=&#8220;0&#8243; custom_padding_phone=&#8220;||0px||false|false&#8220; custom_padding_tablet=&#8220;||110px||false|false&#8220;][\/et_pb_image][et_pb_text _builder_version=&#8220;4.27.2&#8243; text_font=&#8220;Roboto|300|||||||&#8220; text_font_size=&#8220;18px&#8220; text_line_height=&#8220;1.8em&#8220; text_orientation=&#8220;center&#8220; background_layout=&#8220;dark&#8220; max_width=&#8220;750px&#8220; module_alignment=&#8220;center&#8220; custom_padding_tablet=&#8220;110px||||false|false&#8220; custom_padding_last_edited=&#8220;off|desktop&#8220; animation_style=&#8220;zoom&#8220; animation_delay=&#8220;1000ms&#8220; animation_intensity_zoom=&#8220;20%&#8220; hover_enabled=&#8220;0&#8243; global_colors_info=&#8220;{}&#8220; sticky_enabled=&#8220;0&#8243; background_color=&#8220;rgba(0,0,0,0.09)&#8220; custom_padding_phone=&#8220;0px||||false|false&#8220; custom_padding=&#8220;15px||15px||false|false&#8220; border_radii=&#8220;on|20px|20px|20px|20px&#8220; width=&#8220;50%&#8220;]<\/p>\n<p>Projekce a in\u017een\u00fdrsk\u00e1 \u010dinnost ve v\u00fdstavb\u011b<br \/>Projektov\u00e9 \u0159\u00edzen\u00ed stavebn\u00edch a mont\u00e1\u017en\u00edch projekt\u016f<br \/>Claim management<\/p>\n<p>[\/et_pb_text][dipi_tile_scroll _builder_version=&#8220;4.27.2&#8243; _module_preset=&#8220;default&#8220; hover_enabled=&#8220;0&#8243; sticky_enabled=&#8220;0&#8243;][\/dipi_tile_scroll][\/et_pb_column][\/et_pb_row][et_pb_row column_structure=&#8220;1_4,1_4,1_4,1_4&#8243; _builder_version=&#8220;4.27.2&#8243; _module_preset=&#8220;default&#8220; background_color=&#8220;rgba(0,0,0,0.16)&#8220; positioning=&#8220;fixed&#8220; position_origin_f=&#8220;bottom_center&#8220; position_origin_a_tablet=&#8220;&#8220; position_origin_a_phone=&#8220;&#8220; position_origin_a_last_edited=&#8220;on|phone&#8220; position_origin_f_tablet=&#8220;bottom_center&#8220; position_origin_f_phone=&#8220;bottom_center&#8220; position_origin_f_last_edited=&#8220;on|phone&#8220; position_origin_r_tablet=&#8220;&#8220; position_origin_r_phone=&#8220;&#8220; position_origin_r_last_edited=&#8220;on|phone&#8220; custom_margin=&#8220;||70px||false|false&#8220; custom_margin_tablet=&#8220;||70px||false|false&#8220; custom_margin_phone=&#8220;10px||||false|false&#8220; custom_margin_last_edited=&#8220;on|phone&#8220; custom_padding=&#8220;|10px||10px|false|false&#8220; animation_style=&#8220;fade&#8220; animation_direction=&#8220;bottom&#8220; animation_duration=&#8220;1500ms&#8220; animation_delay=&#8220;1500ms&#8220; hover_enabled=&#8220;0&#8243; positioning_tablet=&#8220;fixed&#8220; positioning_phone=&#8220;relative&#8220; positioning_last_edited=&#8220;on|phone&#8220; border_radii=&#8220;on|20px|20px|20px|20px&#8220; global_colors_info=&#8220;{}&#8220; sticky_enabled=&#8220;0&#8243;][et_pb_column type=&#8220;1_4&#8243; _builder_version=&#8220;4.27.2&#8243; _module_preset=&#8220;default&#8220; global_colors_info=&#8220;{}&#8220;][et_pb_blurb use_icon=&#8220;on&#8220; font_icon=&#8220;&#xf2c1;||fa||400&#8243; icon_color=&#8220;#FFFFFF&#8220; image_icon_background_color=&#8220;RGBA(255,255,255,0)&#8220; icon_placement=&#8220;left&#8220; _builder_version=&#8220;4.27.2&#8243; _module_preset=&#8220;default&#8220; body_font=&#8220;Roboto|300|||||||&#8220; body_text_color=&#8220;#FFFFFF&#8220; body_font_size=&#8220;16px&#8220; image_icon_custom_margin=&#8220;5px||||false|false&#8220; locked=&#8220;off&#8220; global_colors_info=&#8220;{}&#8220; transform_styles__hover_enabled=&#8220;on|hover&#8220; transform_scale__hover_enabled=&#8220;on|hover&#8220; transform_translate__hover_enabled=&#8220;on|desktop&#8220; transform_rotate__hover_enabled=&#8220;on|desktop&#8220; transform_skew__hover_enabled=&#8220;on|desktop&#8220; transform_origin__hover_enabled=&#8220;on|desktop&#8220; transform_scale__hover=&#8220;105%|105%&#8220;]<\/p>\n<p>+420 736 511 300<br \/>info@gotthardgroup.cz<\/p>\n<p>[\/et_pb_blurb][\/et_pb_column][et_pb_column type=&#8220;1_4&#8243; _builder_version=&#8220;4.27.2&#8243; _module_preset=&#8220;default&#8220; global_colors_info=&#8220;{}&#8220;][et_pb_blurb use_icon=&#8220;on&#8220; font_icon=&#8220;&#xe081;||divi||400&#8243; icon_color=&#8220;#FFFFFF&#8220; image_icon_background_color=&#8220;RGBA(255,255,255,0)&#8220; icon_placement=&#8220;left&#8220; _builder_version=&#8220;4.27.2&#8243; _module_preset=&#8220;default&#8220; body_font=&#8220;Roboto|300|||||||&#8220; body_text_color=&#8220;#FFFFFF&#8220; body_font_size=&#8220;16px&#8220; image_icon_custom_margin=&#8220;5px||||false|false&#8220; global_colors_info=&#8220;{}&#8220; transform_styles__hover_enabled=&#8220;on|hover&#8220; transform_scale__hover=&#8220;105%|105%&#8220; transform_scale__hover_enabled=&#8220;on|hover&#8220; transform_translate__hover_enabled=&#8220;on|desktop&#8220; transform_rotate__hover_enabled=&#8220;on|desktop&#8220; transform_skew__hover_enabled=&#8220;on|desktop&#8220; transform_origin__hover_enabled=&#8220;on|desktop&#8220;]<\/p>\n<p>Za\u0161ovsk\u00e1 264<br \/>757 01 Vala\u0161sk\u00e9 Mezi\u0159\u00ed\u010d\u00ed<\/p>\n<p>[\/et_pb_blurb][\/et_pb_column][et_pb_column type=&#8220;1_4&#8243; _builder_version=&#8220;4.27.2&#8243; _module_preset=&#8220;default&#8220; global_colors_info=&#8220;{}&#8220;][et_pb_blurb use_icon=&#8220;on&#8220; font_icon=&#8220;&#xe600;||divi||400&#8243; icon_color=&#8220;#FFFFFF&#8220; image_icon_background_color=&#8220;RGBA(255,255,255,0)&#8220; icon_placement=&#8220;left&#8220; _builder_version=&#8220;4.27.2&#8243; _module_preset=&#8220;default&#8220; body_font=&#8220;Roboto|300|||||||&#8220; body_text_color=&#8220;#FFFFFF&#8220; body_font_size=&#8220;16px&#8220; image_icon_custom_margin=&#8220;5px||||false|false&#8220; locked=&#8220;off&#8220; global_colors_info=&#8220;{}&#8220; transform_styles__hover_enabled=&#8220;on|hover&#8220; transform_scale__hover=&#8220;105%|105%&#8220; transform_scale__hover_enabled=&#8220;on|hover&#8220; transform_translate__hover_enabled=&#8220;on|desktop&#8220; transform_rotate__hover_enabled=&#8220;on|desktop&#8220; transform_skew__hover_enabled=&#8220;on|desktop&#8220; transform_origin__hover_enabled=&#8220;on|desktop&#8220;]<\/p>\n<p>I\u010c: <span>06268242<\/span><br \/>DI\u010c: CZ<span>06268242<\/span><\/p>\n<p>[\/et_pb_blurb][\/et_pb_column][et_pb_column type=&#8220;1_4&#8243; _builder_version=&#8220;4.27.2&#8243; _module_preset=&#8220;default&#8220; global_colors_info=&#8220;{}&#8220;][et_pb_blurb use_icon=&#8220;on&#8220; font_icon=&#8220;&#xe02f;||divi||400&#8243; icon_color=&#8220;#FFFFFF&#8220; image_icon_background_color=&#8220;RGBA(255,255,255,0)&#8220; icon_placement=&#8220;left&#8220; _builder_version=&#8220;4.27.2&#8243; _module_preset=&#8220;default&#8220; body_font=&#8220;Roboto|300|||||||&#8220; body_text_color=&#8220;#FFFFFF&#8220; body_font_size=&#8220;16px&#8220; image_icon_custom_margin=&#8220;5px||||false|false&#8220; locked=&#8220;off&#8220; global_colors_info=&#8220;{}&#8220; transform_styles__hover_enabled=&#8220;on|hover&#8220; transform_scale__hover=&#8220;105%|105%&#8220; transform_scale__hover_enabled=&#8220;on|hover&#8220; transform_translate__hover_enabled=&#8220;on|desktop&#8220; transform_rotate__hover_enabled=&#8220;on|desktop&#8220; transform_skew__hover_enabled=&#8220;on|desktop&#8220; transform_origin__hover_enabled=&#8220;on|desktop&#8220;]<\/p>\n<p>ID schr\u00e1nky: swrmvuk<br \/><span>C 71291\/KSOS<\/span><\/p>\n<p>[\/et_pb_blurb][\/et_pb_column][\/et_pb_row][et_pb_row custom_padding_last_edited=&#8220;on|phone&#8220; _builder_version=&#8220;4.27.2&#8243; _module_preset=&#8220;default&#8220; background_enable_color=&#8220;off&#8220; positioning=&#8220;fixed&#8220; position_origin_f=&#8220;bottom_center&#8220; position_origin_a_tablet=&#8220;&#8220; position_origin_a_phone=&#8220;&#8220; position_origin_a_last_edited=&#8220;on|desktop&#8220; position_origin_f_tablet=&#8220;bottom_center&#8220; position_origin_f_phone=&#8220;bottom_center&#8220; position_origin_f_last_edited=&#8220;on|desktop&#8220; position_origin_r_tablet=&#8220;&#8220; position_origin_r_phone=&#8220;&#8220; position_origin_r_last_edited=&#8220;on|desktop&#8220; custom_padding_tablet=&#8220;&#8220; custom_padding_phone=&#8220;0px||0px||false|false&#8220; animation_style=&#8220;fade&#8220; animation_direction=&#8220;bottom&#8220; animation_duration=&#8220;1500ms&#8220; animation_delay=&#8220;1500ms&#8220; positioning_tablet=&#8220;fixed&#8220; positioning_phone=&#8220;relative&#8220; positioning_last_edited=&#8220;on|phone&#8220; global_colors_info=&#8220;{}&#8220;][et_pb_column type=&#8220;4_4&#8243; _builder_version=&#8220;4.27.2&#8243; _module_preset=&#8220;default&#8220; global_colors_info=&#8220;{}&#8220;][et_pb_text content_tablet=&#8220;<\/p>\n<p>Copyright \u00a9 2024 Gotthard Engineering s.r.o. | <a href=%22https:\/\/gotthardgroup.cz\/wp-content\/uploads\/2024\/10\/zoou.pdf%22 data-et-target-link=%22_blank%22 rel=%22noopener%22>Z\u00e1sady ochrany osobn\u00edch \u00fadaj\u016f<\/a> | Webdesign <a href=%22https:\/\/www.irontag.cz%22 data-et-target-link=%22_blank%22 rel=%22noopener%22>irontag.cz<\/a><\/p>\n<p>&#8220; content_phone=&#8220;Copyright \u00a9 2024 Gotthard Engineering s.r.o.<br \/>\n<a href=%22https:\/\/gotthardgroup.cz\/wp-content\/uploads\/2024\/10\/zoou.pdf%22 data-et-target-link=%22_blank%22 rel=%22noopener%22>Z\u00e1sady ochrany osobn\u00edch \u00fadaj\u016f<\/a><br \/>\nWebdesign <a href=%22https:\/\/www.irontag.cz%22 data-et-target-link=%22_blank%22 rel=%22noopener%22>irontag.cz<\/a>&#8220; content_last_edited=&#8220;on|phone&#8220; _builder_version=&#8220;4.27.2&#8243; _module_preset=&#8220;default&#8220; text_font=&#8220;Roboto|300|||||||&#8220; text_text_color=&#8220;#576d8e&#8220; text_orientation=&#8220;center&#8220; global_colors_info=&#8220;{}&#8220;]<\/p>\n<p>Copyright \u00a9 2024 Gotthard Engineering s.r.o. | <a href=\"https:\/\/gotthardgroup.cz\/wp-content\/uploads\/2024\/10\/zoou.pdf\" target=\"_blank\" rel=\"noopener\">Z\u00e1sady ochrany osobn\u00edch \u00fadaj\u016f<\/a> | Webdesign <a href=\"https:\/\/www.irontag.cz\" target=\"_blank\" rel=\"noopener\">irontag.cz<\/a><\/p>\n<p>[\/et_pb_text][\/et_pb_column][\/et_pb_row][\/et_pb_section]<\/p>\n","protected":false},"excerpt":{"rendered":"<p>Projekce a in\u017een\u00fdrsk\u00e1 \u010dinnost ve v\u00fdstavb\u011bProjektov\u00e9 \u0159\u00edzen\u00ed stavebn\u00edch a mont\u00e1\u017en\u00edch projekt\u016fClaim management<div class=\"et_pb_module dipi_tile_scroll dipi_tile_scroll_0\">\n\t\t\t\t\n\t\t\t\t\n\t\t\t\t\n\t\t\t\t\n\t\t\t\t\n\t\t\t\t\n\t\t\t\t<div class=\"et_pb_module_inner\">\n\t\t\t\t\t<div class=\"dipi_tile_scroll_container  anim_direct_row anim_start_left\" data-config=\"{&quot;items_count&quot;:0,&quot;anim_direction&quot;:&quot;row&quot;,&quot;start_row_direction&quot;:&quot;left&quot;,&quot;start_col_direction&quot;:&quot;top&quot;,&quot;move_amount&quot;:&quot;100&quot;,&quot;rotate_angle&quot;:&quot;0&quot;}\">\n                <div class=\"dipi-tile-scroll-items\"><\/div>    \n                \n                \n            <\/div>\n            \n\t\t\t\t<\/div>\n\t\t\t<\/div>+420 736 511 300info@gotthardgroup.czZa\u0161ovsk\u00e1 264757 01 Vala\u0161sk\u00e9 Mezi\u0159\u00ed\u010d\u00edI\u010c: 06268242DI\u010c: CZ06268242ID schr\u00e1nky: swrmvukC 71291\/KSOSCopyright \u00a9 2024 Gotthard Engineering s.r.o. | Z\u00e1sady ochrany osobn\u00edch \u00fadaj\u016f | Webdesign irontag.cz<\/p>\n","protected":false},"author":1,"featured_media":0,"parent":0,"menu_order":0,"comment_status":"closed","ping_status":"closed","template":"","meta":{"_et_pb_use_builder":"on","_et_pb_old_content":"","_et_gb_content_width":"","footnotes":""},"dipi_cpt_category":[],"class_list":["post-17","page","type-page","status-publish","hentry"],"_links":{"self":[{"href":"https:\/\/www.gotthardgroup.cz\/index.php?rest_route=\/wp\/v2\/pages\/17","targetHints":{"allow":["GET"]}}],"collection":[{"href":"https:\/\/www.gotthardgroup.cz\/index.php?rest_route=\/wp\/v2\/pages"}],"about":[{"href":"https:\/\/www.gotthardgroup.cz\/index.php?rest_route=\/wp\/v2\/types\/page"}],"author":[{"embeddable":true,"href":"https:\/\/www.gotthardgroup.cz\/index.php?rest_route=\/wp\/v2\/users\/1"}],"replies":[{"embeddable":true,"href":"https:\/\/www.gotthardgroup.cz\/index.php?rest_route=%2Fwp%2Fv2%2Fcomments&post=17"}],"version-history":[{"count":2,"href":"https:\/\/www.gotthardgroup.cz\/index.php?rest_route=\/wp\/v2\/pages\/17\/revisions"}],"predecessor-version":[{"id":117,"href":"https:\/\/www.gotthardgroup.cz\/index.php?rest_route=\/wp\/v2\/pages\/17\/revisions\/117"}],"wp:attachment":[{"href":"https:\/\/www.gotthardgroup.cz\/index.php?rest_route=%2Fwp%2Fv2%2Fmedia&parent=17"}],"wp:term":[{"taxonomy":"dipi_cpt_category","embeddable":true,"href":"https:\/\/www.gotthardgroup.cz\/index.php?rest_route=%2Fwp%2Fv2%2Fdipi_cpt_category&post=17"}],"curies":[{"name":"wp","href":"https:\/\/api.w.org\/{rel}","templated":true}]}}